{"id":8995,"date":"2022-11-04T13:45:07","date_gmt":"2022-11-04T12:45:07","guid":{"rendered":"https:\/\/magurka-liptov.sk\/domov\/"},"modified":"2025-01-08T09:26:03","modified_gmt":"2025-01-08T08:26:03","slug":"domov","status":"publish","type":"page","link":"https:\/\/magurka-liptov.sk\/en\/","title":{"rendered":"Home"},"content":{"rendered":"","protected":false},"excerpt":{"rendered":"","protected":false},"author":1,"featured_media":0,"parent":0,"menu_order":0,"comment_status":"closed","ping_status":"open","template":"index.php","meta":{"_acf_changed":false,"footnotes":""},"class_list":["post-8995","page","type-page","status-publish","hentry"],"acf":[],"yoast_head":"<!-- This site is optimized with the Yoast SEO plugin v27.0 - https:\/\/yoast.com\/product\/yoast-seo-wordpress\/ -->\n<title>Ubytovanie v N\u00edzkych Tatr\u00e1ch - Chata Magurka N\u00edzke Tatry<\/title>\n<meta name=\"description\" content=\"Chata Magurka. O\u010daruj\u00face miesto pod hrebe\u0148om N\u00edzkych Tatier. Doprajte si vyt\u00fa\u017een\u00fd relax v lone \u010distej pr\u00edrody.\" \/>\n<meta name=\"robots\" content=\"index, follow, max-snippet:-1, max-image-preview:large, max-video-preview:-1\" \/>\n<link rel=\"canonical\" href=\"https:\/\/magurka-liptov.sk\/en\/\" \/>\n<meta property=\"og:locale\" content=\"en_US\" \/>\n<meta property=\"og:type\" content=\"article\" \/>\n<meta property=\"og:title\" content=\"Ubytovanie v N\u00edzkych Tatr\u00e1ch - Chata Magurka N\u00edzke Tatry\" \/>\n<meta property=\"og:description\" content=\"Chata Magurka. O\u010daruj\u00face miesto pod hrebe\u0148om N\u00edzkych Tatier. Doprajte si vyt\u00fa\u017een\u00fd relax v lone \u010distej pr\u00edrody.\" \/>\n<meta property=\"og:url\" content=\"https:\/\/magurka-liptov.sk\/en\/\" \/>\n<meta property=\"og:site_name\" content=\"Chata Magurka N\u00edzke Tatry\" \/>\n<meta property=\"article:publisher\" content=\"https:\/\/www.facebook.com\/magurkaliptov\/\" \/>\n<meta property=\"article:modified_time\" content=\"2025-01-08T08:26:03+00:00\" \/>\n<meta name=\"twitter:card\" content=\"summary_large_image\" \/>\n<script type=\"application\/ld+json\" class=\"yoast-schema-graph\">{\"@context\":\"https:\/\/schema.org\",\"@graph\":[{\"@type\":\"WebPage\",\"@id\":\"https:\/\/magurka-liptov.sk\/en\/\",\"url\":\"https:\/\/magurka-liptov.sk\/en\/\",\"name\":\"Ubytovanie v N\u00edzkych Tatr\u00e1ch - Chata Magurka N\u00edzke Tatry\",\"isPartOf\":{\"@id\":\"https:\/\/magurka-liptov.sk\/en\/#website\"},\"datePublished\":\"2022-11-04T12:45:07+00:00\",\"dateModified\":\"2025-01-08T08:26:03+00:00\",\"description\":\"Chata Magurka. O\u010daruj\u00face miesto pod hrebe\u0148om N\u00edzkych Tatier. Doprajte si vyt\u00fa\u017een\u00fd relax v lone \u010distej pr\u00edrody.\",\"breadcrumb\":{\"@id\":\"https:\/\/magurka-liptov.sk\/en\/#breadcrumb\"},\"inLanguage\":\"en-US\",\"potentialAction\":[{\"@type\":\"ReadAction\",\"target\":[\"https:\/\/magurka-liptov.sk\/en\/\"]}]},{\"@type\":\"BreadcrumbList\",\"@id\":\"https:\/\/magurka-liptov.sk\/en\/#breadcrumb\",\"itemListElement\":[{\"@type\":\"ListItem\",\"position\":1,\"name\":\"\",\"item\":\"https:\/\/magurka-liptov.sk\/en\/\"},{\"@type\":\"ListItem\",\"position\":2,\"name\":\"Home\"}]},{\"@type\":\"WebSite\",\"@id\":\"https:\/\/magurka-liptov.sk\/en\/#website\",\"url\":\"https:\/\/magurka-liptov.sk\/en\/\",\"name\":\"Chata Magurka N\u00edzke Tatry\",\"description\":\"\",\"publisher\":{\"@id\":\"https:\/\/magurka-liptov.sk\/en\/#organization\"},\"potentialAction\":[{\"@type\":\"SearchAction\",\"target\":{\"@type\":\"EntryPoint\",\"urlTemplate\":\"https:\/\/magurka-liptov.sk\/en\/?s={search_term_string}\"},\"query-input\":{\"@type\":\"PropertyValueSpecification\",\"valueRequired\":true,\"valueName\":\"search_term_string\"}}],\"inLanguage\":\"en-US\"},{\"@type\":\"Organization\",\"@id\":\"https:\/\/magurka-liptov.sk\/en\/#organization\",\"name\":\"Chata Magurka N\u00edzke Tatry\",\"url\":\"https:\/\/magurka-liptov.sk\/en\/\",\"logo\":{\"@type\":\"ImageObject\",\"inLanguage\":\"en-US\",\"@id\":\"https:\/\/magurka-liptov.sk\/en\/#\/schema\/logo\/image\/\",\"url\":\"https:\/\/magurka-liptov.sk\/wp-content\/uploads\/2022\/11\/logo-chata-magurka.png\",\"contentUrl\":\"https:\/\/magurka-liptov.sk\/wp-content\/uploads\/2022\/11\/logo-chata-magurka.png\",\"width\":300,\"height\":289,\"caption\":\"Chata Magurka N\u00edzke Tatry\"},\"image\":{\"@id\":\"https:\/\/magurka-liptov.sk\/en\/#\/schema\/logo\/image\/\"},\"sameAs\":[\"https:\/\/www.facebook.com\/magurkaliptov\/\",\"https:\/\/www.instagram.com\/ChataMagurka\/\"]}]}<\/script>\n<!-- \/ Yoast SEO plugin. -->","yoast_head_json":{"title":"Ubytovanie v N\u00edzkych Tatr\u00e1ch - Chata Magurka N\u00edzke Tatry","description":"Chata Magurka. O\u010daruj\u00face miesto pod hrebe\u0148om N\u00edzkych Tatier. Doprajte si vyt\u00fa\u017een\u00fd relax v lone \u010distej pr\u00edrody.","robots":{"index":"index","follow":"follow","max-snippet":"max-snippet:-1","max-image-preview":"max-image-preview:large","max-video-preview":"max-video-preview:-1"},"canonical":"https:\/\/magurka-liptov.sk\/en\/","og_locale":"en_US","og_type":"article","og_title":"Ubytovanie v N\u00edzkych Tatr\u00e1ch - Chata Magurka N\u00edzke Tatry","og_description":"Chata Magurka. O\u010daruj\u00face miesto pod hrebe\u0148om N\u00edzkych Tatier. Doprajte si vyt\u00fa\u017een\u00fd relax v lone \u010distej pr\u00edrody.","og_url":"https:\/\/magurka-liptov.sk\/en\/","og_site_name":"Chata Magurka N\u00edzke Tatry","article_publisher":"https:\/\/www.facebook.com\/magurkaliptov\/","article_modified_time":"2025-01-08T08:26:03+00:00","twitter_card":"summary_large_image","schema":{"@context":"https:\/\/schema.org","@graph":[{"@type":"WebPage","@id":"https:\/\/magurka-liptov.sk\/en\/","url":"https:\/\/magurka-liptov.sk\/en\/","name":"Ubytovanie v N\u00edzkych Tatr\u00e1ch - Chata Magurka N\u00edzke Tatry","isPartOf":{"@id":"https:\/\/magurka-liptov.sk\/en\/#website"},"datePublished":"2022-11-04T12:45:07+00:00","dateModified":"2025-01-08T08:26:03+00:00","description":"Chata Magurka. O\u010daruj\u00face miesto pod hrebe\u0148om N\u00edzkych Tatier. Doprajte si vyt\u00fa\u017een\u00fd relax v lone \u010distej pr\u00edrody.","breadcrumb":{"@id":"https:\/\/magurka-liptov.sk\/en\/#breadcrumb"},"inLanguage":"en-US","potentialAction":[{"@type":"ReadAction","target":["https:\/\/magurka-liptov.sk\/en\/"]}]},{"@type":"BreadcrumbList","@id":"https:\/\/magurka-liptov.sk\/en\/#breadcrumb","itemListElement":[{"@type":"ListItem","position":1,"name":"","item":"https:\/\/magurka-liptov.sk\/en\/"},{"@type":"ListItem","position":2,"name":"Home"}]},{"@type":"WebSite","@id":"https:\/\/magurka-liptov.sk\/en\/#website","url":"https:\/\/magurka-liptov.sk\/en\/","name":"Chata Magurka N\u00edzke Tatry","description":"","publisher":{"@id":"https:\/\/magurka-liptov.sk\/en\/#organization"},"potentialAction":[{"@type":"SearchAction","target":{"@type":"EntryPoint","urlTemplate":"https:\/\/magurka-liptov.sk\/en\/?s={search_term_string}"},"query-input":{"@type":"PropertyValueSpecification","valueRequired":true,"valueName":"search_term_string"}}],"inLanguage":"en-US"},{"@type":"Organization","@id":"https:\/\/magurka-liptov.sk\/en\/#organization","name":"Chata Magurka N\u00edzke Tatry","url":"https:\/\/magurka-liptov.sk\/en\/","logo":{"@type":"ImageObject","inLanguage":"en-US","@id":"https:\/\/magurka-liptov.sk\/en\/#\/schema\/logo\/image\/","url":"https:\/\/magurka-liptov.sk\/wp-content\/uploads\/2022\/11\/logo-chata-magurka.png","contentUrl":"https:\/\/magurka-liptov.sk\/wp-content\/uploads\/2022\/11\/logo-chata-magurka.png","width":300,"height":289,"caption":"Chata Magurka N\u00edzke Tatry"},"image":{"@id":"https:\/\/magurka-liptov.sk\/en\/#\/schema\/logo\/image\/"},"sameAs":["https:\/\/www.facebook.com\/magurkaliptov\/","https:\/\/www.instagram.com\/ChataMagurka\/"]}]}},"_links":{"self":[{"href":"https:\/\/magurka-liptov.sk\/en\/wp-json\/wp\/v2\/pages\/8995","targetHints":{"allow":["GET"]}}],"collection":[{"href":"https:\/\/magurka-liptov.sk\/en\/wp-json\/wp\/v2\/pages"}],"about":[{"href":"https:\/\/magurka-liptov.sk\/en\/wp-json\/wp\/v2\/types\/page"}],"author":[{"embeddable":true,"href":"https:\/\/magurka-liptov.sk\/en\/wp-json\/wp\/v2\/users\/1"}],"replies":[{"embeddable":true,"href":"https:\/\/magurka-liptov.sk\/en\/wp-json\/wp\/v2\/comments?post=8995"}],"version-history":[{"count":7,"href":"https:\/\/magurka-liptov.sk\/en\/wp-json\/wp\/v2\/pages\/8995\/revisions"}],"predecessor-version":[{"id":9183,"href":"https:\/\/magurka-liptov.sk\/en\/wp-json\/wp\/v2\/pages\/8995\/revisions\/9183"}],"wp:attachment":[{"href":"https:\/\/magurka-liptov.sk\/en\/wp-json\/wp\/v2\/media?parent=8995"}],"curies":[{"name":"wp","href":"https:\/\/api.w.org\/{rel}","templated":true}]}}